{"id":9,"date":"2018-05-24T21:12:07","date_gmt":"2018-05-24T21:12:07","guid":{"rendered":"https:\/\/pc-spezialisten.de\/?page_id=9"},"modified":"2020-05-12T19:19:07","modified_gmt":"2020-05-12T18:19:07","slug":"ueber-mich","status":"publish","type":"page","link":"https:\/\/www.pc-spezialisten.de\/index.php\/ueber-mich\/","title":{"rendered":"\u00dcber uns"},"content":{"rendered":"<p><strong>CSC<\/strong>\u00a0ist als IT- und TK-Dienstleister ans\u00e4ssig in Arnstadt seit M\u00e4rz 1999 und im Gro\u00dfraum Erfurt und dar\u00fcber hinaus t\u00e4tig. <strong>CSC<\/strong> ist das Synonym f\u00fcr <strong>C<\/strong>omputer &amp; <strong>S<\/strong>ervice <strong>C<\/strong>enter. Unsere Qualit\u00e4ten liegen in der \u00fcber 20j\u00e4hrigen Erfahrung mit IT-Produkten und -Services, sowie der Qualit\u00e4t der von uns angebotenen Produkte und Leistungen zu bezahlbaren Preisen. Wir ver\u00e4u\u00dfern nichts, was wir nicht selbst auch einsetzen (w\u00fcrden). CSC ist ein zum <a href=\"https:\/\/synaxon.ag\/unternehmen\" target=\"_blank\" rel=\"noopener noreferrer\">Akcent-Systemhausverbund<\/a> geh\u00f6render IT-Fachbetrieb und damit Teil der \u00fcber 3800 Partner umfassenden <a href=\"https:\/\/synaxon.ag\/unternehmen\" target=\"_blank\" rel=\"noopener noreferrer\">Synaxon-Gruppe<\/a>.<\/p>\n<p><strong>Klassifizierung:<\/strong><br \/>\nIT-Fachbetrieb \/ Akcent Competence Partner<br \/>\nWir sind <a href=\"https:\/\/synaxon.ag\/unternehmen\" target=\"_blank\" rel=\"noopener noreferrer\">AKCENT\/Synaxon-Partner<\/a> seit dem 27.2.2003.<\/p>\n<p><strong>Unsere Gesch\u00e4ftszeiten:<\/strong><br \/>\nHotline &amp; Systembetreuung (IT-Support)<br \/>\nMo &#8211; Fr.: 08:00 &#8211; 17:00 Uhr<br \/>\nSa, So, Feiertags: geschlossen<br \/>\n(au\u00dferhalb Gesch\u00e4ftszeiten durch Bereitschaftsdienst*)<\/p>\n<p>Werkstatt &amp; Ladengesch\u00e4ft (Officeshop)<br \/>\nMo &#8211; Fr.:\u00a0 09:00 &#8211; 17:00 Uhr<br \/>\nSa, So, Feiertags: geschlossen<br \/>\n(oder nach vorheriger Absprache*)<\/p>\n<p>[3cx-clicktotalk id=&#8220;131&#8243; title=&#8220;Click To Talk CSC&#8220;]<\/p>\n<h6>Wir sind \u00fcberwiegend t\u00e4tig im Gro\u00dfraum Erfurt (Ilmkreis, Arnstadt, Ilmenau, Suhl \/ Unstrut-Hainich-Kreis \/ Eisenach \/ Weimar \/ Gotha \/ S\u00f6mmerda \/ Jena, Saale-Kreis, Rudolstadt), also im Grunde in ganz Th\u00fcringen. F\u00fcr Projekte sowie Gro\u00dfkunden sind wir auch \u00fcberregional t\u00e4tig (Deutschland, Niederlande &amp; \u00d6stereich). Wir betreuen z.B. Kunden mit Niederlasungen im Ruhrgebiet, in Berlin, M\u00fcnchen und Rostock.<\/h6>\n<p><strong>Unser Profil (Bet\u00e4tigungsfeld):<\/strong><br \/>\nUnser Systemhaus betreut Kunden von der kleinen Firma bis hin zu regionalen Institutionen. Die Planung, Installation und Betreuung von IT-Netzwerken bzw. Client-Server Umgebungen f\u00fcr bis zu 250 User ist unsere Kernkompetenz. Das optimale Preis-\/Leistungsverh\u00e4ltnis wird bei unseren Stammkunden besonders gesch\u00e4tzt. Wir bieten unseren Kunden Service- und Supportvertr\u00e4ge mit verschiedenen Service-Levels (SLA) zur Auswahl. Die Reaktionszeit wird je Supportfall vom Kunden selbst gew\u00e4hlt. In der Einstiegsvariante entstehen KEINE Grundkosten f\u00fcr die Systembetreuung! Gewerbetreibende und kleinere Gesch\u00e4ftskunden werden durch unser Ladengesch\u00e4ft, die angeschlossene Werkstatt und unsere Support-Hotline in Arnstadt betreut. Vertragskunden werden in der Regel durch unserer Techniker vor Ort und unsere Support-Hotline betreut. Die Firma CSC hat sich sehr fr\u00fch von einem reinen Hardwareanbieter und IT-Installateur hinaus, zu einem Anbieter f\u00fcr komplette IT- und TK-L\u00f6sungen entwickelt. Unsere Devise ist dabei &#8222;alles aus einer Hand&#8220;. Mit angepassten und optimierten Standardl\u00f6sungen steigern wir den Marktwert unserer Kunden, weil diese dadurch effizienter und kostensparend arbeiten k\u00f6nnen. Durch unser engagiertes Team sind wir in der Lage flexibel und mit frischen Ideen, einfache und wirkungsvolle L\u00f6sungen zu finden und umzusetzen. Mit unseren L\u00f6sungen sind Unternehmen in der Lage sich sicher in allen Netzwerken zu bewegen und Abreitsfl\u00fcsse schnell und zuverl\u00e4ssig abzubilden. Know How zu Telekommunikationsanlagen, Unified-Messaging, Auftragsbearbeitung mit Warenwirtschaft und angeschlossener Finanzbuchhaltung sind vorhanden. Leasing und Finanzierungen wickeln wir zu besten Konditionen \u00fcber alle namenhaften Institutionen ab.<\/p>\n<p><strong>Unternehmensgeschichte:<\/strong><br \/>\nDer Inhaber Rainer Nowak hat sein &#8222;Handwerk&#8220; innerhalb von 5 1\/2 Jahren ab Ende der 80er Jahre erlernt. Dabei wurde in Normzeit die Berufsausbildung in Erfurt und ein Fachschulstudium in Gotha absolviert und erfolgreich abgeschlossen. Danach sammelte er zun\u00e4chst als Techniker in einem PC-Shop\/Systemhaus in Gotha und danach als Filialleiter in einem PC-Shop\/Systemhaus in Arnstadt Erfahrungen. Nach 3,5 Jahren des Sammelns an Berufserfahrungen wurde im M\u00e4rz 1999 der eigene PC-Shop mit angeschlossenem IT-Systemhaus er\u00f6ffnet. Seither entwickelte sich die Firma <strong>CSC<\/strong> vom reinen Hardwareanbieter und Installateur f\u00fcr IT &amp; TK, zu einem IT-Systemintegrator. Heute besch\u00e4ftigt die Firma CSC neben dem Inhaber 1 festen IT-Techniker, 1 Werksstudenten, 2 freie Techniker, 1 B\u00fcrofachkraft und 1 Buchhalter. Wir betreuen auf Grundlage von Wartungs- bzw. Support- &amp;\u00a0 Servicevertr\u00e4gen namenhafte Firmen aus Wirtschaft, Handel, Handwerk, Verwaltung, Bildungswesen und Wissenschaft.<\/p>\n<p><strong>Unser Credo:<\/strong><br \/>\nWir sind davon \u00fcberzeugt, dass man unter Beibehaltung der Qualit\u00e4t oft markante Budgeteinsparungen erzielen kann oder unter Beibehaltung des Budgets mehr Leistung bekommt, sofern passgenaue L\u00f6sungen verwendet werden. Die Erfahrung zeigt uns, dass es nicht &#8222;DIE L\u00d6SUNG&#8220; gibt. Jeder Kunde ben\u00f6tigt eine individuelle Anpassung, selbst bei Standardanwendungen. Wir machen Ihnen gerne Vorschl\u00e4ge f\u00fcr Ihre individuelle L\u00f6sung und eine \u00fcbersichtliche Kostenaufstellung, damit Sie eine Vorentscheidung f\u00fcr Ihr IT-Projekt treffen k\u00f6nnen. Im Bereich der kleinen und mittelst\u00e4ndigen Unternehmenskunden scheuen wir keinen Vergleich mit unseren Mitbewerbern. Testen Sie uns!<\/p>\n<p><strong>Unternehmensschwerpunkte:<\/strong><br \/>\nBeratung, Consulting, Hard- und Software, Service, Services, L\u00f6sungen, Warenwirtschaftssysteme (ERP), Finanzbuchhaltung (FiBu, Datev), eCommerce, Netzwerke, Telekommunikation (Telefonanlagen) , Security \/ Netzwerksicherheit, Systemhausleistungen, Webserviceleistungen (Hosting \/ Emailserver, Antivirenschutz, Anti-SPAM), IT-Virtualisierung (Hypervisoren).<\/p>\n<p><strong>Sachverst\u00e4ndiger\/Gutachter:<\/strong><br \/>\n\u00dcberspannungssch\u00e4den (ohne offizielles Zertifikat, aber von Versicherungen anerkannt&#8230;)<\/p>\n<p><strong>Dienstleistungen:<\/strong><br \/>\nSupport Hotline, Fernwartung, Vor-Ort-Service, Werkstatt, Helpdesk, Beratung, Projektierung, Verkauf, Service, Hardwarewartung, Softwarewartung,\u00a0 Softwareanpassung, Vermietung, Leasing, Internet-Dienstleistung, Schulungen, Reparaturservice, Wartungsvertr\u00e4g, Notfall-Services, Bereitschaftsdienst, Vorabaustausch<\/p>\n<p><strong>Autorisierungen:<\/strong><br \/>\nMicrosoft Professional, SAGE, AFS, Fujitsu, HP, Samsung, Brother, Gateprotect, Kyocera, Tobit, EDUCHEK, eScan Gold-Partner, AGFEO, Panasonic, AVM, Bintec Funkwerk Elmeg FEC,\u00a0 <strong>uvm.<\/strong><\/p>\n<p><strong>Schulungen:<\/strong><br \/>\nWir bieten individuelle Schulungen f\u00fcr unsere L\u00f6sungen an. Schulungen werden vor Ort oder per Webcast durchgef\u00fchrt.<\/p>\n<p>Stand: 01\/2020<\/p>\n<h6>* erfordert eine vertragliche Konditionenvereinbarung im Vorfeld<\/h6>\n<p>&#8212;&#8212;&#8212;&#8212;&#8212;&#8212;&#8212;&#8212;&#8212;&#8212;&#8212;&#8212;&#8212;&#8212;&#8212;&#8212;&#8212;&#8212;&#8212;&#8212;&#8212;&#8212;&#8212;&#8212;&#8212;&#8212;&#8212;&#8212;&#8212;&#8212;&#8212;&#8212;&#8212;&#8212;&#8212;&#8212;&#8212;&#8212;<br \/>\nInternational (english):<br \/>\nCSC (Computer &amp; Service Center) has been operating as an IT supplier with shop, repair shop and system vendor in Arnstadt, Thuringia, since March 1999. Long experience in business and optimal quality of our products and services at affordable prices are our speciality. Predominantly we are operating at regional level (area of Erfurt, Gotha, Weimar, Jena, Arnstadt, Ilmenau), for projects and key accounts also supra-regionally.<\/p>\n<p>As a system vendor we are serving clients from small companies to regional institutions. Planning and execution of small and medium networks or client\/server systems, firewalls, unified messaging systems, merchandise planning and control systems as well as telecommunication systems represent our core business. Our very good cost\/performance ratio is especially appreciated.<\/p>\n<p>Our young and committed team is able to develop effective solutions due to new ideas and flexibility. By our solutions small and medium-sized enterprises are enabled to safely manage networks. Leasing and financing is handled by us to best conditions via established institutions.<\/p>\n","protected":false},"excerpt":{"rendered":"<p>CSC\u00a0ist als IT- und TK-Dienstleister ans\u00e4ssig in Arnstadt seit M\u00e4rz 1999 und im Gro\u00dfraum Erfurt und dar\u00fcber hinaus t\u00e4tig. CSC ist das Synonym f\u00fcr Computer &amp; Service Center. Unsere Qualit\u00e4ten liegen in der \u00fcber 20j\u00e4hrigen Erfahrung mit IT-Produkten und -Services, sowie der Qualit\u00e4t der von uns angebotenen Produkte und Leistungen zu bezahlbaren Preisen. Wir ver\u00e4u\u00dfern [&hellip;]<\/p>\n","protected":false},"author":1,"featured_media":0,"parent":0,"menu_order":0,"comment_status":"closed","ping_status":"closed","template":"","meta":{"footnotes":""},"_links":{"self":[{"href":"https:\/\/www.pc-spezialisten.de\/index.php\/wp-json\/wp\/v2\/pages\/9"}],"collection":[{"href":"https:\/\/www.pc-spezialisten.de\/index.php\/wp-json\/wp\/v2\/pages"}],"about":[{"href":"https:\/\/www.pc-spezialisten.de\/index.php\/wp-json\/wp\/v2\/types\/page"}],"author":[{"embeddable":true,"href":"https:\/\/www.pc-spezialisten.de\/index.php\/wp-json\/wp\/v2\/users\/1"}],"replies":[{"embeddable":true,"href":"https:\/\/www.pc-spezialisten.de\/index.php\/wp-json\/wp\/v2\/comments?post=9"}],"version-history":[{"count":23,"href":"https:\/\/www.pc-spezialisten.de\/index.php\/wp-json\/wp\/v2\/pages\/9\/revisions"}],"predecessor-version":[{"id":185,"href":"https:\/\/www.pc-spezialisten.de\/index.php\/wp-json\/wp\/v2\/pages\/9\/revisions\/185"}],"wp:attachment":[{"href":"https:\/\/www.pc-spezialisten.de\/index.php\/wp-json\/wp\/v2\/media?parent=9"}],"curies":[{"name":"wp","href":"https:\/\/api.w.org\/{rel}","templated":true}]}}