{"id":2,"date":"2018-05-24T21:08:11","date_gmt":"2018-05-24T21:08:11","guid":{"rendered":"https:\/\/pc-spezialisten.de\/?page_id=2"},"modified":"2020-05-12T20:04:12","modified_gmt":"2020-05-12T19:04:12","slug":"sample-page","status":"publish","type":"page","link":"https:\/\/www.pc-spezialisten.de\/index.php\/sample-page\/","title":{"rendered":"Impressum"},"content":{"rendered":"<p><center><span style=\"font-family: ARIAL BLACK;\">Computer &amp; Service Center<br \/>\n<\/span><span style=\"font-family: ARIAL; font-size: medium;\">Inhaber: Rainer Nowak<\/span><\/center><center><span style=\"font-family: ARIAL; font-size: medium;\">Erfurter Stra\u00dfe 43<\/span><\/center><center><span style=\"font-family: ARIAL; font-size: medium;\">99310 Arnstadt<\/span><\/center><center><span style=\"font-family: ARIAL; font-size: medium;\">Telefon:\u00a0 +49 (0)3628 &#8211; 600838<\/span><\/center><center><span style=\"font-family: ARIAL; font-size: medium;\">Fax: +49 (0)3628 &#8211; 600839<\/span><\/center>[3cx-clicktotalk id=&#8220;131&#8243; title=&#8220;Click To Talk CSC&#8220;]<\/p>\n<p align=\"center\"><span style=\"font-family: Arial; font-size: small;\"> EG-Umsatzsteuer-Identifikationsnummer gem\u00e4\u00df \u00a7 27 a Umsatzsteuergesetz: DE191815485<\/span><\/p>\n<p align=\"center\">Inhaltlich Verantwortlicher gem\u00e4\u00df \u00a7 10 Absatz 3 MDStV: Rainer Nowak (Anschrift wie oben)<\/p>\n<p align=\"center\"><span style=\"font-family: Arial; font-size: small;\">Haftungshinweis: Trotz sorgf\u00e4ltiger inhaltlicher Kontrolle \u00fcbernehmen wir keine Haftung f\u00fcr die Inhalte externer Links. F\u00fcr den Inhalt der verlinkten Seiten sind ausschlie\u00dflich deren Betreiber verantwortlich. Wir machen uns deren Inhalte nicht zu eigen, dargestellte Warenzeichen sind Eigentum der jeweiligen Hersteller bzw. Inhaber. <\/span><\/p>\n<h3 class=\"title\" align=\"center\"><\/h3>\n<p class=\"content\">Die Copyrights f\u00fcr alle bearbeitete Bilder, Grafiken und Texte, wenn nicht ausdr\u00fccklich anders erw\u00e4hnt, liegen bei den jeweiligen Autoren und ebenso die Haftung f\u00fcr das jeweils verwendete Material.<\/p>\n<hr noshade=\"noshade\" size=\"1\" \/>\n<p align=\"center\"><b>Wichtiger Hinweis!<\/b><\/p>\n<p class=\"content\">Mit Urteil vom 12. Mai 1998 &#8211; 312 O 85\/98 &#8211; Haftung f\u00fcr Links hat das Landgericht Hamburg entschieden, dass man durch die Anbringung eines Links, die Inhalte der gelinkten Seite ggf. mit zu verantworten hat. Dies kann nur dadurch verhindert werden, dass man sich ausdr\u00fccklich von diesen Inhalten distanziert. Hiermit distanzieren wir uns f\u00fcr die WebDesign Communitys <a href=\"http:\/\/beispiela.org\/\" target=\"_blank\" rel=\"noopener noreferrer\">beispiela.org<\/a> &amp; <a href=\"http:\/\/musterb.de\/\" target=\"_blank\" rel=\"noopener noreferrer\">beispiela.org<\/a>. Sie\/wir haben keinerlei Einfluss auf die aktuelle und zuk\u00fcnftige Gestaltung und auf die Inhalte der gelinkten\/verkn\u00fcpften Seiten. Deshalb distanzieren wir uns hiermit ausdr\u00fccklich von allen Inhalten aller gelinkten\/verkn\u00fcpften Seiten, die nach der Linksetzung ver\u00e4ndert wurden. Diese Feststellung gilt f\u00fcr alle innerhalb des eigenen Internetangebotes gesetzten.<\/p>\n<p class=\"content\">Links und Verweise sowie f\u00fcr Fremdeintr\u00e4ge in von WebDesign Communitys, eingerichteten G\u00e4steb\u00fcchern, Diskussionsforen und Mailinglisten. F\u00fcr illegale, fehlerhafte oder unvollst\u00e4ndige Inhalte und insbesondere f\u00fcr Sch\u00e4den, die aus der Nutzung oder Nichtnutzung solcher Art dargebotener Informationen entstehen, haftet allein der Anbieter der Seite, auf welche verwiesen wurde, nicht derjenige, der \u00fcber Links auf die jeweilige Ver\u00f6ffentlichung lediglich verweist.<\/p>\n<p>(25.05.2018)<\/p>\n","protected":false},"excerpt":{"rendered":"<p>Computer &amp; Service Center Inhaber: Rainer NowakErfurter Stra\u00dfe 4399310 ArnstadtTelefon:\u00a0 +49 (0)3628 &#8211; 600838Fax: +49 (0)3628 &#8211; 600839[3cx-clicktotalk id=&#8220;131&#8243; title=&#8220;Click To Talk CSC&#8220;] EG-Umsatzsteuer-Identifikationsnummer gem\u00e4\u00df \u00a7 27 a Umsatzsteuergesetz: DE191815485 Inhaltlich Verantwortlicher gem\u00e4\u00df \u00a7 10 Absatz 3 MDStV: Rainer Nowak (Anschrift wie oben) Haftungshinweis: Trotz sorgf\u00e4ltiger inhaltlicher Kontrolle \u00fcbernehmen wir keine Haftung f\u00fcr die Inhalte [&hellip;]<\/p>\n","protected":false},"author":1,"featured_media":0,"parent":0,"menu_order":0,"comment_status":"closed","ping_status":"open","template":"","meta":{"footnotes":""},"_links":{"self":[{"href":"https:\/\/www.pc-spezialisten.de\/index.php\/wp-json\/wp\/v2\/pages\/2"}],"collection":[{"href":"https:\/\/www.pc-spezialisten.de\/index.php\/wp-json\/wp\/v2\/pages"}],"about":[{"href":"https:\/\/www.pc-spezialisten.de\/index.php\/wp-json\/wp\/v2\/types\/page"}],"author":[{"embeddable":true,"href":"https:\/\/www.pc-spezialisten.de\/index.php\/wp-json\/wp\/v2\/users\/1"}],"replies":[{"embeddable":true,"href":"https:\/\/www.pc-spezialisten.de\/index.php\/wp-json\/wp\/v2\/comments?post=2"}],"version-history":[{"count":4,"href":"https:\/\/www.pc-spezialisten.de\/index.php\/wp-json\/wp\/v2\/pages\/2\/revisions"}],"predecessor-version":[{"id":189,"href":"https:\/\/www.pc-spezialisten.de\/index.php\/wp-json\/wp\/v2\/pages\/2\/revisions\/189"}],"wp:attachment":[{"href":"https:\/\/www.pc-spezialisten.de\/index.php\/wp-json\/wp\/v2\/media?parent=2"}],"curies":[{"name":"wp","href":"https:\/\/api.w.org\/{rel}","templated":true}]}}